{"id":4183,"date":"2011-08-02T13:24:15","date_gmt":"2011-08-02T11:24:15","guid":{"rendered":"http:\/\/www.altorion.si\/press\/1321-2\/"},"modified":"2018-08-16T11:14:31","modified_gmt":"2018-08-16T09:14:31","slug":"1321-2","status":"publish","type":"page","link":"https:\/\/www.altorion.si\/en\/press\/1321-2\/","title":{"rendered":"Intervju: Robert: &#8220;Breivik ni vitez templjar. Vitez templjar \u0161\u010diti \u0161ibke&#8221;"},"content":{"rendered":"<p><a class=\"hiddenlink\" href=\"https:\/\/siol.net\/novice\/slovenija\/breivik-ni-vitez-templjar-vitez-templjar-sciti-sibke-171850\">Intervju: Robert: &#8220;Breivik ni vitez templjar. Vitez templjar \u0161\u010diti \u0161ibke&#8221;<\/a><\/p>\n<h2>&#8220;Breivik ni vitez templjar. Vitez templjar \u0161\u010diti \u0161ibke&#8221;<\/h2>\n<div>\n<p><strong>Ljubljana<\/strong> &#8211; &#8220;Breivik je verjetno prebral kak\u0161no knjigo in si ustvaril prepri\u010danje, da so templjarji morilci, ki so pobili vse, kar ni bilo kr\u0161\u010danskega. To je dale\u010d od resnice,&#8221; je dejal <strong>Robert Lavtar<\/strong>.<\/p>\n<p><img loading=\"lazy\" decoding=\"async\" class=\"\" src=\"http:\/\/cdn1.siol.net\/sn\/img\/11\/207\/634472785456275543_templar.jpg\" alt=\"\" width=\"341\" height=\"191\" \/><\/p>\n<\/div>\n<div>\n<div>\n<p>Templjarji ne dajejo izjav za javnost, je najprej povedal Robert Lavtar, prior Templjarskega reda Slovenije, za katerega trdi, da je del edinega pravega reda vitezov templjarjev na svetu. In tudi v tem intervjuju za SiOL je bil zelo skrivnosten. Vendar je Lavtar ocenil, da se mora ob povezovanju norve\u0161kega napadalca <strong>Andersa Behringa Breivika<\/strong> s templjarstvom oglasiti. Pravi, da za pravega viteza templjarja ni ni\u010d bolj napa\u010dnega kot pobijanje otrok.<\/p>\n<p><strong>Koliko \u010dlanov imate v Sloveniji?<\/strong><\/p>\n<p>Ne morem govoriti o \u0161tevilu. Ni nas veliko. \u0160tevilo je majhno.<\/p>\n<p><strong>Pribli\u017eno?<\/strong><\/p>\n<p>Ne morem povedati. K temu nas zavezuje \u2026 \u010clanov se tudi ne nova\u010di. \u010clan postane\u0161, ko si zrel. Preprosto se znajde\u0161 v templjarskem okolju, naj bo to v Sloveniji ali kjerkoli v Evropi. To je ena od razlik med pravim templjarskim redom in takim, ki se tako le predstavlja. Posebej po knjigah Sveta kri in sveti gral ter Zadnji templjar se pojavlja na stotine samooklicanih redov.<\/p>\n<\/div>\n<div>\n<div>\n<div>\n<p><a title=\" \" href=\"http:\/\/cdn1.siol.net\/sn\/img\/11\/207\/634472789821353953_teba2.jpg\" rel=\"Popup[1]\"><img loading=\"lazy\" decoding=\"async\" src=\"http:\/\/cdn1.siol.net\/sn\/img\/11\/207\/634472787783953961_teba2.jpg\" alt=\"Robert Lavtar (levo) trdi, da so Breivikova dejanja v nasprotju s templjarstvom ; &lt;b&gt;klik za pove\u010davo&lt;\/b&gt;\" width=\"410\" height=\"273\" \/><\/a>Robert Lavtar (levo) trdi, da so Breivikova dejanja v nasprotju s templjarstvom ; <strong>klik za pove\u010davo<\/strong><\/p>\n<\/div>\n<\/div>\n<p><strong>Rekli ste, da vas nekaj zavezuje, da ne morete povedati, koliko \u010dlanov imate. Imate kodeks ali pravila, ki govorijo o tem?<\/strong><\/p>\n<p>Ja \u2026 templjarstvo vedno deluje v dobrobit dru\u017ebe. Kot vitez templjar si zavezan, da \u0161\u010diti\u0161 \u0161ibke, pomaga\u0161 vzpostaviti ravnovesje v dru\u017ebi. Vitez templjar mora biti profilirana oseba. Tega se ne u\u010di\u0161, ampak to postane\u0161 s svojim delom, profesionalnim ali druga\u010dnim. Mora\u0161 biti samostojen, neodvisen, mo\u010dan, skrben, imeti sposobnost, da vpliva\u0161 na druge, na ljudi okoli sebe. \u010ceprav formalnopravno delujemo kot dru\u0161tvo, nismo organizacija kot taka. Poudarek je na osebni rasti, osebni integriteti, osebni mo\u010di. Vitez templjar deluje s svojim \u010distim srcem in svojo dr\u017eo ter \u0161iri svoje plemenite lastnosti in ve\u0161\u010dine. Predvsem govorimo o \u010dasti, dobrem imenu in resnici kot taki. Vitez templjar ne la\u017ee.<\/p>\n<p><strong>Katere so dejavnosti vitezov templjarjev?<\/strong><\/p>\n<p>Glavna dejavnost je, da v okviru svojih zmo\u017enosti deluje\u0161 in iz svojega imena, s svojim delovanjem, torej brez sklicevanja na red, deluje\u0161 v dobrobit dru\u017ebe in jo posku\u0161a\u0161 dvigniti na vi\u0161jo raven. Posku\u0161a\u0161 vpeljati tiste izgubljene vrednote \u2013 \u010dast, dobro ime, resnico \u2013 v vse pore dru\u017ebe. Sre\u010dujemo se enkrat na leto ali na dve leti. Obi\u010dajno samo, da izmenjamo izku\u0161nje. Potem se spet odpravimo, da delujemo na dru\u017ebo. Osnovo na\u010delo je pomagati \u0161ibkej\u0161im in \u0161\u010dititi. \u017de zato ta, ki je naredil to na Norve\u0161kem, zagotovo ni vitez templjar. Pobijanje otrok je dale\u010d od \u0161\u010ditenja. Je ravno nasprotno. Kot templjarji imamo tudi poslanstvo, da zdru\u017eujemo. Prastara te\u017enja vitezov templjarjev je bilo zdru\u017eevanje vseh verstev. Vnesti mir in so\u010dutje v dru\u017ebo.<\/p>\n<\/div>\n<div>\n<div>\n<div>\n<p><a title=\" \" href=\"http:\/\/cdn1.siol.net\/sn\/img\/11\/207\/634472789587144197_brevetprior_001.jpg\" rel=\"Popup[1]\"><img loading=\"lazy\" decoding=\"async\" src=\"http:\/\/cdn1.siol.net\/sn\/img\/11\/207\/634472789038884001_brevetprior_001.jpg\" alt=\"&quot;Brevet dokazuje povelje, s katerim si ume\u0161\u010den&quot; &lt;b&gt;klik za pove\u010davo&lt;\/b&gt;\" width=\"200\" height=\"275\" \/><\/a>&#8220;Brevet dokazuje povelje, s katerim si ume\u0161\u010den&#8221; <strong>klik za pove\u010davo<\/strong><\/p>\n<\/div>\n<\/div>\n<p><strong>Breivik naj bi bil \u010dlan Vitezov templjarjev Evrope. Poznate to organizacijo?<\/strong><\/p>\n<p>Verjetno je bil \u010dlan, ampak Vitezi templjarji Evrope so verjetno neko zdru\u017eenje, ki nima zveze s pravim templjarstvom. Le \u0161kotski red vitezov templjarjev ima od leta 1309 neposredno genetsko linijo do vitezov templjarjev. Leta 1307 so bili vitezi templjarji pregnani iz osrednje Evrope in so se zatekli na \u0160kotsko. Za slovenskega priorja \u0161kotskega reda sem bil imenovan s tako imenovanim brevetom. Mi \u010drpamo duhovno povezavo s templjarstvom. Eden od na\u0161ih aksiomov, nasvetov je: &#8220;Nikoli ne eliminiraj preteklosti, nikoli ne izgubi kontakta z njo.&#8221; Sre\u010dujemo se, nosimo simbole, ampak to prena\u0161amo na sodoben na\u010din. Kot ugledni, mo\u010dni \u010dlani dru\u017ebe posku\u0161amo vplivati na bolj\u0161o dru\u017ebo. Smo prena\u0161alci, ker na\u0161e korenine izhajajo iz Jeruzalema. Imamo se za kr\u0161\u010danski red in smo kot taki vezani na pape\u017ea.<\/p>\n<p><strong>V Sloveniji je \u0161e nekaj zdru\u017eenj, ki so po imenu vezani na viteze templjarje. Kak\u0161no je va\u0161e mnenje o njih?<\/strong><\/p>\n<p>V za\u010detku smo se sre\u010dali z dru\u0161tvom, ki ga je vodil Marin Zen, ampak potem smo \u0161li vsak svojo pot, ker smo prepoznali, da je \u0161lo za \u0161e eno zdru\u017eenje, ki je zlorabilo ime in popularnost teh knjig. Potreben je brevet, ki dokazuje povelje, s katerim si ume\u0161\u010den.<\/p>\n<\/div>\n<div>\n<div>\n<div>\n<p><a title=\" \" href=\"http:\/\/cdn1.siol.net\/sn\/img\/11\/208\/634473578151499629_teba_4.jpg\" rel=\"Popup[1]\"><img loading=\"lazy\" decoding=\"async\" src=\"http:\/\/cdn1.siol.net\/sn\/img\/11\/208\/634473578053850879_teba_4.jpg\" alt=\"&quot;\u010ceprav formalnopravno delujemo kot dru\u0161tvo, nismo organizacija kot taka. Poudarek je na osebni rasti, osebni integriteti, osebni mo\u010di&quot;; &lt;b&gt;klik za pove\u010davo&lt;\/b&gt;\" width=\"410\" height=\"142\" \/><\/a>&#8220;\u010ceprav formalnopravno delujemo kot dru\u0161tvo, nismo organizacija kot taka. Poudarek je na osebni rasti, osebni integriteti, osebni mo\u010di&#8221;; <strong>klik za pove\u010davo<\/strong><\/p>\n<\/div>\n<\/div>\n<p><strong>Ste imeli kak\u0161nega \u010dlana ali kandidata za \u010dlanstvo, ki bi imel podobna nagnjenja kot Breivik?<\/strong><\/p>\n<p>\u017de v osnovi je nemogo\u010de, da bi nam kdo s tak\u0161nimi nagnjenji pri\u0161el blizu. On je bil \u010dlan nekega kvazitempljarskega reda, za katerega \u0161e nisem sli\u0161al.<\/p>\n<p><strong>Kako gledate na ta petkova napada na Norve\u0161kem?<\/strong><\/p>\n<p>To je zna\u010dilen odgovor aktualne agresivne dru\u017ebe, ko je \u010dlovek izgubil stik s samim seboj in vse tiste omembe vredne duhovne prakse, ki \u010dloveka povezujejo z drugimi ljudmi. \u010clovek, ki je duhovno razvit, ob\u010duti drugega kot samega sebe. To je osnovno sporo\u010dilo Jezusa Kristusa, budizma ali islama. Kdor je tak\u0161en, je nemogo\u010de, da stori komu drugemu kaj slabega. To, kar stori drugemu, stori sebi. Gre za obi\u010dajen kriminal verjetno sprevr\u017eenega uma. Na \u017ealost ima strahotne posledice. Ta akcija je o\u010ditno zamajala \u0161e zadnje stebre svobodnih dru\u017eb, kot sta Norve\u0161ka in \u0160vedska.<\/p>\n<p><strong>Kako gledate na povezovanje Breivika in vitezov templjarjev?<\/strong><\/p>\n<p>To je povezava, ki jo je verjetno ustvaril njegov sprevr\u017eeni um. Verjetno je prebral kak\u0161no knjigo, si ustvaril prepri\u010danje, da gre pri templjarjih za morilce, pla\u010dance, ki so pobili vse, kar ni bilo kr\u0161\u010danskega. To je dale\u010d od resnice.<\/p>\n<\/div>\n<div>\n<p><strong>Foto: <\/strong>Osebni arhiv Roberta Lavtarja<\/p>\n<\/div>\n<\/div>\n","protected":false},"excerpt":{"rendered":"<p>Intervju: Robert: &#8220;Breivik ni vitez templjar. Vitez templjar \u0161\u010diti \u0161ibke&#8221; &#8220;Breivik ni vitez templjar. Vitez templjar \u0161\u010diti \u0161ibke&#8221; Ljubljana &#8211; &#8220;Breivik je verjetno prebral kak\u0161no knjigo in si ustvaril prepri\u010danje, da so templjarji morilci, ki so pobili vse, kar ni bilo kr\u0161\u010danskega. To je dale\u010d od resnice,&#8221; je dejal Robert Lavtar. Templjarji ne dajejo izjav<a href=\"https:\/\/www.altorion.si\/en\/press\/1321-2\/\">[&#8230;]<\/a><\/p>\n","protected":false},"author":1,"featured_media":0,"parent":4171,"menu_order":0,"comment_status":"closed","ping_status":"open","template":"","meta":{"footnotes":""},"class_list":["post-4183","page","type-page","status-publish","hentry"],"_links":{"self":[{"href":"https:\/\/www.altorion.si\/en\/wp-json\/wp\/v2\/pages\/4183\/"}],"collection":[{"href":"https:\/\/www.altorion.si\/en\/wp-json\/wp\/v2\/pages\/"}],"about":[{"href":"https:\/\/www.altorion.si\/en\/wp-json\/wp\/v2\/types\/page\/"}],"author":[{"embeddable":true,"href":"https:\/\/www.altorion.si\/en\/wp-json\/wp\/v2\/users\/1\/"}],"replies":[{"embeddable":true,"href":"https:\/\/www.altorion.si\/en\/wp-json\/wp\/v2\/comments\/?post=4183"}],"version-history":[{"count":0,"href":"https:\/\/www.altorion.si\/en\/wp-json\/wp\/v2\/pages\/4183\/revisions\/"}],"up":[{"embeddable":true,"href":"https:\/\/www.altorion.si\/en\/wp-json\/wp\/v2\/pages\/4171\/"}],"wp:attachment":[{"href":"https:\/\/www.altorion.si\/en\/wp-json\/wp\/v2\/media\/?parent=4183"}],"curies":[{"name":"wp","href":"https:\/\/api.w.org\/{rel}","templated":true}]}}