{"id":4176,"date":"2010-04-12T09:18:46","date_gmt":"2010-04-12T07:18:46","guid":{"rendered":"http:\/\/www.altorion.si\/press\/mariborcan-marec-2003\/"},"modified":"2018-06-01T10:55:53","modified_gmt":"2018-06-01T08:55:53","slug":"mariborcan-marec-2003","status":"publish","type":"page","link":"https:\/\/www.altorion.si\/en\/press\/mariborcan-marec-2003\/","title":{"rendered":"MARIBOR\u010cAN, MAREC 2003"},"content":{"rendered":"<h2>Maribor\u010dan, \u0161tevilka 89, marec 2003<\/h2>\n<p>Rubrika: <strong><em>Ezoterika, avtorica: Angela Pajnkiher-Prem<\/em><\/strong><\/p>\n<p>Naslov \u010dlanka: <em><strong>Robert Lavtar &#8211; AFRI\u0160KI \u0160AMAN S SLOVENSKO DU\u0160O<\/strong><\/em><\/p>\n<p>Robert Lavtar, po rodu iz Retenj pri Tr\u017ei\u010du, je doktor filozofije, \u0161aman in mojster gnosti\u010dne spiritualne tehnologije. \u017divljenjsko kariero je za\u010del kot policist, telesni stra\u017ear najvi\u0161jih predstavnikov tujih dr\u017eav na obisku v RS, med drugim tudi pape\u017ea Janeza Pavla II. Slu\u017eboval je v misijah RS v EU in NATO v Bruslju ter tako na neposreden na\u010din izkusil delovanje institucij, ki formirajo aktualno planetarno dru\u017ebo.<\/p>\n<p>Z \u017eeno Barbaro in dru\u017eino \u017eivi v prijazni vasici na Gorenjskem, vodi Center Alternative Altorion, v okviru katerega delujejo: Slovenska \u0161ola sodobnega \u0161amanstva, Ecclesia Gnostica Alba in Dru\u0161tvo za Globalizacijo Humanizma. Center predstavlja alternativo sedanji nasilni dru\u017ebi. Prizadevava si z lastnim zgledom, izku\u0161njami in znanjem vplivati na globoke spremembe v posamezniku in \u0161ir\u0161i dru\u017ebeni sferi, vse skupaj s ciljem, da bi \u010dlovek in s tem aktualna dru\u017eba postala to, kar sta v preteklosti \u017ee bila &#8211; avtenti\u010dna in neokrnjena dela narave.<\/p>\n<p>Prvi\u010d sem ga sre\u010dala v mariborskem centru za osebni in duhovni razvoj Pozama, kamor ob\u010dasno prihaja in vodi delavnice in po dogovoru individualne terapije. Z udarjanjem (prej kot igranjem) na posebne afri\u0161ke bobne sta s prijateljem ustvarila izjemno ozra\u010dje in ob\u010dutek absolutnega pre\u010di\u0161\u010denja prostora \u017ee v nekaj minutah. Ve\u010dkrat sem o njegovem delu \u017ee sli\u0161ala ali brala in tokrat je bila prilo\u017enost, da se osebno spoznava. Visok, \u010dokat mo\u017eakar, kot nala\u0161\u010d za poklic telesnega stra\u017earja, ki ga je neko\u010d opravljal\u2026 Takoj ob prvem sre\u010danju pa sem spoznala toplega, na trenutke redkobesednega, pa spet izjemno zgovornega \u010dloveka, ki komunicira z izjemno odprtostjo, mirnostjo in notranjo mo\u010djo. Tak\u0161en je torej pravi, a \u201cslovenski \u0161aman\u201d, sem pomislila. V meni je takoj vzbudil vtis zaupanja vrednega terapevta.<br \/>\nObiskala sem ga na domu v Polj\u0161\u010dici na Gorenjskem. Z dru\u017eino \u017eivi v sodobnem, lepo urejenem domovanju, kjer me je najprej prijazno pozdravil otro\u0161ki \u017eiv \u017eav in po postavi drobcena \u017eena Barbara, ki pa prav tako kot Robert takoj vzbudi ob\u010dutek odlo\u010dne, \u010dvrste, iskrene, a tople osebe (tudi ona je terapevtka in kot je opaziti Robertova desna roka v vseh pogledih).<\/p>\n<p>Moj obisk je bil sorazmerno kratek, ker ima Robert to\u010den urnik dela, vendar je pustil v meni globok vtis. \u010ceprav mnogo tega, kar sem do\u017eivela med \u201cosebno terapijo\u201d in pozneje v pogovoru z Robertom, nisem razumela, se je v naslednjih dneh doma pokazalo kot nadvse u\u010dinkovit proces. Ta je najprej spro\u017eil psihofizi\u010dno reakcijo, kateri bi s preprostimi besedami rekli bolezen. Pokazale so se vse moje \u0161ibke to\u010dke, od bole\u010din v hrbtenici, glavobol, poslab\u0161anje vida, zvi\u0161anje pritiska\u2026 \u010cisto \u010dlove\u0161ko sem glavni vzrok za te\u017eave pripisala zame dolgi vo\u017enji\u2026 V naslednjih dneh se je stanje za\u010delo umirjati in poleg ob\u010dasnih neprijetnih do\u017eivetij sem vse bolj prepoznavala spremembe v svojem na\u010dinu razmi\u0161ljanja in seveda delovanja. Z lahkoto sem kon\u010dala neko zame zoprno delo, s katerim sem \u017ee ve\u010d mesecev odla\u0161ala in mi je zmeraj \u201cpobralo dosti energije\u201d.<\/p>\n<p>In kaj je Roberta Lavtarja iz ugledne dr\u017eavne slu\u017ebe preusmerilo v popolnoma druga\u010dno \u017eivljenje?<br \/>\n\u201cPo hudi prometni nesre\u010di, ki je korenito spremenila moj pogled na \u017eivljenje oz. smrt in prebudila silovito hrepenenje po spoznanju smisla \u017eivljenja, sem stopil na &#8216;svojo pot&#8217;. Spoznal in uveden sem bil v vodenje in izvajanje naju\u010dinkovitej\u0161ih gnosti\u010dnih spiritualnih metod neposredno s strani avtorja Spiritualne Tehnologije Nove dobe \u017d. M. Slavinskega.<br \/>\nNa In\u0161titutu za neo-\u0161amanizem &#8211; Paz Geia v Sao Paulo, Brazilija sem sodeloval v projektu &#8216;Terapevt XXI. stoletja&#8217; in se usposobil za izvajanje sodobnih \u0161amanskih metod.<br \/>\nMarca 2002 sem bil v Braziliji s strani Balogun Fabunmija, 82-letnega nigerijskega babalawa, iniciran v IFA, ve\u010d kot 10.000 let star neokrnjen afri\u0161ki \u0161amansko-religijski sistem, katerega korenine segajo v pradavno Sumerijo. Na odprti mednarodni univerzi za komplementarno medicino (The Open International University for Complementary Medicines, Colombo, Sri Lanka) sem aprila lani doktoriral na temo &#8216;Sodobno \u0161amanstvo&#8217;. Izven Slovenije sem vodil delavnice in individualne seanse v Belgiji, Veliki Britanijiin Braziliji (Sao Paulo in Rio de Janeiro).\u201d<\/p>\n<div id=\"attachment_41\" style=\"width: 352px\" class=\"wp-caption aligncenter\"><img loading=\"lazy\" decoding=\"async\" aria-describedby=\"caption-attachment-41\" class=\"size-full wp-image-41\" title=\"fabunmi\" src=\"https:\/\/www.altorion.si\/wp-content\/uploads\/2010\/04\/fabunmi1.jpg\" alt=\"\" width=\"342\" height=\"229\" \/><p id=\"caption-attachment-41\" class=\"wp-caption-text\">Robert Lavtar v \u0161amanski \u0161oli v Sao Paolu<\/p><\/div>\n<p>Kaj je pravzaprav OSNOVNA \u0160AMANSKA DELAVNICA &#8211; aktivacija \u017eivljenjske energije, o kateri govorite?<br \/>\n\u201cZaradi tiso\u010dletja trajajo\u010dih omejitvenih socialnih vzorcev in vrste drugih dejavnikov so fizi\u010dna telesa na Zemlji sprejela na tiso\u010de vsiljenih vzorcev in zadr\u017ekov. To je deaktiviralo ve\u010dino aspektov spiritualne DNK, povezave med zavestjo telesa in Vi\u0161jim jazom.<br \/>\n\u017de tiso\u010dletja \u0161amani v &#8216;primitivnih dru\u017ebah&#8217; govorijo o vizijah, v katerih vidijo lestev\/pot, ki vodi od zemlje do neba in jo simbolizirata dve prepletajo\u010di se ka\u010di, podobni biolo\u0161kemu modelu DNK. S \u0161amanske perspektive je fizi\u010dno telo le kristalizacija Vi\u0161jih teles, ne pa njihov vzrok. Postanemo bolj navdu\u0161eni, veseli, polni energije, motivacije in kreativnosti.<br \/>\n\u0160amanska aktivacija \u017dIVLJENJSKE ENERGIJE je iniciacijski proces, s pomo\u010djo katerega prebudimo zavest fizi\u010dnega telesa in mu odpremo pot duha. Proces se obi\u010dajno odvija \u0161e ve\u010d mesecev po seminarju. Nau\u010dimo se selektivne komunikacije na nivoju fizi\u010dnega telesa in Vi\u0161jega jaza. Isto\u010dasno se odpravijo oziroma ozavestijo vzorci, prepri\u010danja in verovanja, ki so bila prene\u0161ena na vas preko genetske linije, s strani star\u0161ev, starih star\u0161ev in \u0161tevilnih preteklih generacij.\u201d<\/p>\n<p>Pri svojem terapevtskem delu pa povezujete \u0161amansko tradicijo z drugimi pridobljenimi znanji\u2026<br \/>\n\u201cJa, s pomo\u010djo Integralnega Ekskaliburja, katerega je razvil \u017d. M. Slavinski, predstavljava osnovo vseh modernih Gnosti\u010dnih spiritualnih metod. Priporo\u010dljiv je predvsem za tiste, ki nimajo prakti\u010dnih izku\u0161enj metod samorazvoja in \u017eelijo vzeti \u017eivljenje v &#8216;svoje roke&#8217;.<br \/>\nZanimiva je \u0160amanska terapija v kombinaciji z E &#8211; metrom, kjer gre za popolnoma novo obliko holisti\u010dnega procesa, ki zajame vse komponente \u010dloveka in predstavlja neverjetno u\u010dinkovito sintezo sodobnih psihoterapevtskih metod in prastarega afri\u0161kega, brazilskega in avstralskega \u0161amanizma.<br \/>\nUporabljam specialne tehnike, ki jih je razvil Rowland Barkley iz prastarih skrivnih \u0161amanskih tehnik zdravljenja, za zdravljenje travm sedanjega \u017eivljenja, ki izvirajo iz maternice, prej\u0161njih generacij ali prej\u0161njih \u017eivljenj.\u201d<\/p>\n<p>Pogosto omenjate besedico IFA in \u0161e nekatera imena, ki na\u0161im u\u0161esom zvenijo popolnoma neznano.<br \/>\n\u201cIFA predstavlja ve\u010d tiso\u010d let star religijsko \u2013 \u0161amanski sistem, ki se je neokrnjen ohranil preko ustnega izro\u010dila v Afriki, v plemenu Yoruba. Predstavlja naju\u010dinkovitej\u0161i sistem prepoznavanja \u010dloveka, njegovih energetskih relacij do sebe, drugih in v kon\u010dni fazi celotne eksistence. Po mo\u010di in u\u010dinkovitosti dale\u010d presega vse obstoje\u010de. Najprimernej\u0161i je za tiste, ki dejansko \u017eelijo aktivno sodelovati pri preobrazbi aktualne nasilne dru\u017ebe&#8230;<\/p>\n<div id=\"_mcePaste\" style=\"position: absolute; left: -10000px; top: 0px; width: 1px; height: 1px; overflow: hidden;\">\n<p><strong><span style=\"text-decoration: underline;\"><span style=\"color: #cc0000;\">MARIBOR\u010cAN, MAREC 2003<br \/>\n<\/span><\/span><\/strong><\/p>\n<p>Maribor\u010dan, \u0161tevilka 89, marec 2003<\/p>\n<p>Rubrika: Ezoterika, avtorica: Angela Pajnkiher-Prem<\/p>\n<p>Naslov \u010dlanka: Robert Lavtar &#8211; <span style=\"font-weight: bold;\">AFRI\u0160KI \u0160AMAN S SLOVENSKO DU\u0160O<\/span><\/p>\n<p>Robert Lavtar, po rodu iz Retenj pri Tr\u017ei\u010du, je doktor filozofije, \u0161aman in mojster gnosti\u010dne spiritualne tehnologije. \u017divljenjsko kariero je za\u010del kot policist, telesni stra\u017ear najvi\u0161jih predstavnikov tujih dr\u017eav na obisku v RS, med drugim tudi pape\u017ea Janeza Pavla II. Slu\u017eboval je v misijah RS v EU in NATO v Bruslju ter tako na neposreden na\u010din izkusil delovanje institucij, ki formirajo aktualno planetarno dru\u017ebo.<\/p>\n<p>Z \u017eeno Barbaro in dru\u017eino \u017eivi v prijazni vasici na Gorenjskem, vodi Center Alternative Altorion, v okviru katerega delujejo: Slovenska \u0161ola sodobnega \u0161amanstva, Ecclesia Gnostica Alba in Dru\u0161tvo za Globalizacijo Humanizma. Center predstavlja alternativo sedanji nasilni dru\u017ebi. Prizadevava si z lastnim zgledom, izku\u0161njami in znanjem vplivati na globoke spremembe v posamezniku in \u0161ir\u0161i dru\u017ebeni sferi, vse skupaj s ciljem, da bi \u010dlovek in s tem aktualna dru\u017eba postala to, kar sta v preteklosti \u017ee bila &#8211; avtenti\u010dna in neokrnjena dela narave.<\/p>\n<p>Prvi\u010d sem ga sre\u010dala v mariborskem centru za osebni in duhovni razvoj Pozama, kamor ob\u010dasno prihaja in vodi delavnice in po dogovoru individualne terapije. Z udarjanjem (prej kot igranjem) na posebne afri\u0161ke bobne sta s prijateljem ustvarila izjemno ozra\u010dje in ob\u010dutek absolutnega pre\u010di\u0161\u010denja prostora \u017ee v nekaj minutah. Ve\u010dkrat sem o njegovem delu \u017ee sli\u0161ala ali brala in tokrat je bila prilo\u017enost, da se osebno spoznava. Visok, \u010dokat mo\u017eakar, kot nala\u0161\u010d za poklic telesnega stra\u017earja, ki ga je neko\u010d opravljal\u2026 Takoj ob prvem sre\u010danju pa sem spoznala toplega, na trenutke redkobesednega, pa spet izjemno zgovornega \u010dloveka, ki komunicira z izjemno odprtostjo, mirnostjo in notranjo mo\u010djo. Tak\u0161en je torej pravi, a \u201cslovenski \u0161aman\u201d, sem pomislila. V meni je takoj vzbudil vtis zaupanja vrednega terapevta.<br \/>\nObiskala sem ga na domu v Polj\u0161\u010dici na Gorenjskem. Z dru\u017eino \u017eivi v sodobnem, lepo urejenem domovanju, kjer me je najprej prijazno pozdravil otro\u0161ki \u017eiv \u017eav in po postavi drobcena \u017eena Barbara, ki pa prav tako kot Robert takoj vzbudi ob\u010dutek odlo\u010dne, \u010dvrste, iskrene, a tople osebe (tudi ona je terapevtka in kot je opaziti Robertova desna roka v vseh pogledih).<\/p>\n<p>Moj obisk je bil sorazmerno kratek, ker ima Robert to\u010den urnik dela, vendar je pustil v meni globok vtis. \u010ceprav mnogo tega, kar sem do\u017eivela med \u201cosebno terapijo\u201d in pozneje v pogovoru z Robertom, nisem razumela, se je v naslednjih dneh doma pokazalo kot nadvse u\u010dinkovit proces. Ta je najprej spro\u017eil psihofizi\u010dno reakcijo, kateri bi s preprostimi besedami rekli bolezen. Pokazale so se vse moje \u0161ibke to\u010dke, od bole\u010din v hrbtenici, glavobol, poslab\u0161anje vida, zvi\u0161anje pritiska\u2026 \u010cisto \u010dlove\u0161ko sem glavni vzrok za te\u017eave pripisala zame dolgi vo\u017enji\u2026 V naslednjih dneh se je stanje za\u010delo umirjati in poleg ob\u010dasnih neprijetnih do\u017eivetij sem vse bolj prepoznavala spremembe v svojem na\u010dinu razmi\u0161ljanja in seveda delovanja. Z lahkoto sem kon\u010dala neko zame zoprno delo, s katerim sem \u017ee ve\u010d mesecev odla\u0161ala in mi je zmeraj \u201cpobralo dosti energije\u201d.<\/p>\n<p>In kaj je Roberta Lavtarja iz ugledne dr\u017eavne slu\u017ebe preusmerilo v popolnoma druga\u010dno \u017eivljenje?<br \/>\n\u201cPo hudi prometni nesre\u010di, ki je korenito spremenila moj pogled na \u017eivljenje oz. smrt in prebudila silovito hrepenenje po spoznanju smisla \u017eivljenja, sem stopil na &#8216;svojo pot&#8217;. Spoznal in uveden sem bil v vodenje in izvajanje naju\u010dinkovitej\u0161ih gnosti\u010dnih spiritualnih metod neposredno s strani avtorja Spiritualne Tehnologije Nove dobe \u017d. M. Slavinskega.<br \/>\nNa In\u0161titutu za neo-\u0161amanizem &#8211; Paz Geia v Sao Paulo, Brazilija sem sodeloval v projektu &#8216;Terapevt XXI. stoletja&#8217; in se usposobil za izvajanje sodobnih \u0161amanskih metod.<br \/>\nMarca 2002 sem bil v Braziliji s strani Balogun Fabunmija, 82-letnega nigerijskega babalawa, iniciran v IFA, ve\u010d kot 10.000 let star neokrnjen afri\u0161ki \u0161amansko-religijski sistem, katerega korenine segajo v pradavno Sumerijo. Na odprti mednarodni univerzi za komplementarno medicino (The Open International University for Complementary Medicines, Colombo, Sri Lanka) sem aprila lani doktoriral na temo &#8216;Sodobno \u0161amanstvo&#8217;. Izven Slovenije sem vodil delavnice in individualne seanse v Belgiji, Veliki Britanijiin Braziliji (Sao Paulo in Rio de Janeiro).\u201d<\/p>\n<p>Kaj je pravzaprav OSNOVNA \u0160AMANSKA DELAVNICA &#8211; aktivacija \u017eivljenjske energije, o kateri govorite?<br \/>\n\u201cZaradi tiso\u010dletja trajajo\u010dih omejitvenih socialnih vzorcev in vrste drugih dejavnikov so fizi\u010dna telesa na Zemlji sprejela na tiso\u010de vsiljenih vzorcev in zadr\u017ekov. To je deaktiviralo ve\u010dino aspektov spiritualne DNK, povezave med zavestjo telesa in Vi\u0161jim jazom.<br \/>\n\u017de tiso\u010dletja \u0161amani v &#8216;primitivnih dru\u017ebah&#8217; govorijo o vizijah, v katerih vidijo lestev\/pot, ki vodi od zemlje do neba in jo simbolizirata dve prepletajo\u010di se ka\u010di, podobni biolo\u0161kemu modelu DNK. S \u0161amanske perspektive je fizi\u010dno telo le kristalizacija Vi\u0161jih teles, ne pa njihov vzrok. Postanemo bolj navdu\u0161eni, veseli, polni energije, motivacije in kreativnosti.<br \/>\n\u0160amanska aktivacija \u017dIVLJENJSKE ENERGIJE je iniciacijski proces, s pomo\u010djo katerega prebudimo zavest fizi\u010dnega telesa in mu odpremo pot duha. Proces se obi\u010dajno odvija \u0161e ve\u010d mesecev po seminarju. Nau\u010dimo se selektivne komunikacije na nivoju fizi\u010dnega telesa in Vi\u0161jega jaza. Isto\u010dasno se odpravijo oziroma ozavestijo vzorci, prepri\u010danja in verovanja, ki so bila prene\u0161ena na vas preko genetske linije, s strani star\u0161ev, starih star\u0161ev in \u0161tevilnih preteklih generacij.\u201d<\/p>\n<p>Pri svojem terapevtskem delu pa povezujete \u0161amansko tradicijo z drugimi pridobljenimi znanji\u2026<br \/>\n\u201cJa, s pomo\u010djo Integralnega Ekskaliburja, katerega je razvil \u017d. M. Slavinski, predstavljava osnovo vseh modernih Gnosti\u010dnih spiritualnih metod. Priporo\u010dljiv je predvsem za tiste, ki nimajo prakti\u010dnih izku\u0161enj metod samorazvoja in \u017eelijo vzeti \u017eivljenje v &#8216;svoje roke&#8217;.<br \/>\nZanimiva je \u0160amanska terapija v kombinaciji z E &#8211; metrom, kjer gre za popolnoma novo obliko holisti\u010dnega procesa, ki zajame vse komponente \u010dloveka in predstavlja neverjetno u\u010dinkovito sintezo sodobnih psihoterapevtskih metod in prastarega afri\u0161kega, brazilskega in avstralskega \u0161amanizma.<br \/>\nUporabljam specialne tehnike, ki jih je razvil Rowland Barkley iz prastarih skrivnih \u0161amanskih tehnik zdravljenja, za zdravljenje travm sedanjega \u017eivljenja, ki izvirajo iz maternice, prej\u0161njih generacij ali prej\u0161njih \u017eivljenj.\u201d<\/p>\n<p>Pogosto omenjate besedico IFA in \u0161e nekatera imena, ki na\u0161im u\u0161esom zvenijo popolnoma neznano.<br \/>\n\u201cIFA predstavlja ve\u010d tiso\u010d let star religijsko \u2013 \u0161amanski sistem, ki se je neokrnjen ohranil preko ustnega izro\u010dila v Afriki, v plemenu Yoruba. Predstavlja naju\u010dinkovitej\u0161i sistem prepoznavanja \u010dloveka, njegovih energetskih relacij do sebe, drugih in v kon\u010dni fazi celotne eksistence. Po mo\u010di in u\u010dinkovitosti dale\u010d presega vse obstoje\u010de. Najprimernej\u0161i je za tiste, ki dejansko \u017eelijo aktivno sodelovati pri preobrazbi aktualne nasilne dru\u017ebe &#8230;Robert Lavtar, po rodu iz Retenj pri Tr\u017ei\u010du, je doktor filozofije, \u0161aman in mojster gnosti\u010dne spiritualne tehnologije. \u017divljenjsko kariero je za\u010del kot policist, telesni stra\u017ear najvi\u0161jih predstavnikov tujih dr\u017eav na obisku v RS, med drugim tudi pape\u017ea Janeza Pavla II. Slu\u017eboval je v misijah RS v EU in NATO v Bruslju ter tako na neposreden na\u010din izkusil delovanje institucij, ki formirajo aktualno planetarno dru\u017ebo.<\/p>\n<p>Z \u017eeno Barbaro in dru\u017eino \u017eivi v prijazni vasici na Gorenjskem, vodi Center Alternative Altorion, v okviru katerega delujejo: Slovenska \u0161ola sodobnega \u0161amanstva, Ecclesia Gnostica Alba in Dru\u0161tvo za Globalizacijo Humanizma. Center predstavlja alternativo sedanji nasilni dru\u017ebi. Prizadevava si z lastnim zgledom, izku\u0161njami in znanjem vplivati na globoke spremembe v posamezniku in \u0161ir\u0161i dru\u017ebeni sferi, vse skupaj s ciljem, da bi \u010dlovek in s tem aktualna dru\u017eba postala to, kar sta v preteklosti \u017ee bila &#8211; avtenti\u010dna in neokrnjena dela narave.<\/p>\n<p>Prvi\u010d sem ga sre\u010dala v mariborskem centru za osebni in duhovni razvoj Pozama, kamor ob\u010dasno prihaja in vodi delavnice in po dogovoru individualne terapije. Z udarjanjem (prej kot igranjem) na posebne afri\u0161ke bobne sta s prijateljem ustvarila izjemno ozra\u010dje in ob\u010dutek absolutnega pre\u010di\u0161\u010denja prostora \u017ee v nekaj minutah. Ve\u010dkrat sem o njegovem delu \u017ee sli\u0161ala ali brala in tokrat je bila prilo\u017enost, da se osebno spoznava. Visok, \u010dokat mo\u017eakar, kot nala\u0161\u010d za poklic telesnega stra\u017earja, ki ga je neko\u010d opravljal\u2026 Takoj ob prvem sre\u010danju pa sem spoznala toplega, na trenutke redkobesednega, pa spet izjemno zgovornega \u010dloveka, ki komunicira z izjemno odprtostjo, mirnostjo in notranjo mo\u010djo. Tak\u0161en je torej pravi, a \u201cslovenski \u0161aman\u201d, sem pomislila. V meni je takoj vzbudil vtis zaupanja vrednega terapevta.<br \/>\nObiskala sem ga na domu v Polj\u0161\u010dici na Gorenjskem. Z dru\u017eino \u017eivi v sodobnem, lepo urejenem domovanju, kjer me je najprej prijazno pozdravil otro\u0161ki \u017eiv \u017eav in po postavi drobcena \u017eena Barbara, ki pa prav tako kot Robert takoj vzbudi ob\u010dutek odlo\u010dne, \u010dvrste, iskrene, a tople osebe (tudi ona je terapevtka in kot je opaziti Robertova desna roka v vseh pogledih).<\/p>\n<p>Moj obisk je bil sorazmerno kratek, ker ima Robert to\u010den urnik dela, vendar je pustil v meni globok vtis. \u010ceprav mnogo tega, kar sem do\u017eivela med \u201cosebno terapijo\u201d in pozneje v pogovoru z Robertom, nisem razumela, se je v naslednjih dneh doma pokazalo kot nadvse u\u010dinkovit proces. Ta je najprej spro\u017eil psihofizi\u010dno reakcijo, kateri bi s preprostimi besedami rekli bolezen. Pokazale so se vse moje \u0161ibke to\u010dke, od bole\u010din v hrbtenici, glavobol, poslab\u0161anje vida, zvi\u0161anje pritiska\u2026 \u010cisto \u010dlove\u0161ko sem glavni vzrok za te\u017eave pripisala zame dolgi vo\u017enji\u2026 V naslednjih dneh se je stanje za\u010delo umirjati in poleg ob\u010dasnih neprijetnih do\u017eivetij sem vse bolj prepoznavala spremembe v svojem na\u010dinu razmi\u0161ljanja in seveda delovanja. Z lahkoto sem kon\u010dala neko zame zoprno delo, s katerim sem \u017ee ve\u010d mesecev odla\u0161ala in mi je zmeraj \u201cpobralo dosti energije\u201d.<\/p>\n<p>In kaj je Roberta Lavtarja iz ugledne dr\u017eavne slu\u017ebe preusmerilo v popolnoma druga\u010dno \u017eivljenje?<br \/>\n\u201cPo hudi prometni nesre\u010di, ki je korenito spremenila moj pogled na \u017eivljenje oz. smrt in prebudila silovito hrepenenje po spoznanju smisla \u017eivljenja, sem stopil na &#8216;svojo pot&#8217;. Spoznal in uveden sem bil v vodenje in izvajanje naju\u010dinkovitej\u0161ih gnosti\u010dnih spiritualnih metod neposredno s strani avtorja Spiritualne Tehnologije Nove dobe \u017d. M. Slavinskega.<br \/>\nNa In\u0161titutu za neo-\u0161amanizem &#8211; Paz Geia v Sao Paulo, Brazilija sem sodeloval v projektu &#8216;Terapevt XXI. stoletja&#8217; in se usposobil za izvajanje sodobnih \u0161amanskih metod.<br \/>\nMarca 2002 sem bil v Braziliji s strani Balogun Fabunmija, 82-letnega nigerijskega babalawa, iniciran v IFA, ve\u010d kot 10.000 let star neokrnjen afri\u0161ki \u0161amansko-religijski sistem, katerega korenine segajo v pradavno Sumerijo. Na odprti mednarodni univerzi za komplementarno medicino (The Open International University for Complementary Medicines, Colombo, Sri Lanka) sem aprila lani doktoriral na temo &#8216;Sodobno \u0161amanstvo&#8217;. Izven Slovenije sem vodil delavnice in individualne seanse v Belgiji, Veliki Britanijiin Braziliji (Sao Paulo in Rio de Janeiro).\u201d<\/p>\n<p>Kaj je pravzaprav OSNOVNA \u0160AMANSKA DELAVNICA &#8211; aktivacija \u017eivljenjske energije, o kateri govorite?<br \/>\n\u201cZaradi tiso\u010dletja trajajo\u010dih omejitvenih socialnih vzorcev in vrste drugih dejavnikov so fizi\u010dna telesa na Zemlji sprejela na tiso\u010de vsiljenih vzorcev in zadr\u017ekov. To je deaktiviralo ve\u010dino aspektov spiritualne DNK, povezave med zavestjo telesa in Vi\u0161jim jazom.<br \/>\n\u017de tiso\u010dletja \u0161amani v &#8216;primitivnih dru\u017ebah&#8217; govorijo o vizijah, v katerih vidijo lestev\/pot, ki vodi od zemlje do neba in jo simbolizirata dve prepletajo\u010di se ka\u010di, podobni biolo\u0161kemu modelu DNK. S \u0161amanske perspektive je fizi\u010dno telo le kristalizacija Vi\u0161jih teles, ne pa njihov vzrok. Postanemo bolj navdu\u0161eni, veseli, polni energije, motivacije in kreativnosti.<br \/>\n\u0160amanska aktivacija \u017dIVLJENJSKE ENERGIJE je iniciacijski proces, s pomo\u010djo katerega prebudimo zavest fizi\u010dnega telesa in mu odpremo pot duha. Proces se obi\u010dajno odvija \u0161e ve\u010d mesecev po seminarju. Nau\u010dimo se selektivne komunikacije na nivoju fizi\u010dnega telesa in Vi\u0161jega jaza. Isto\u010dasno se odpravijo oziroma ozavestijo vzorci, prepri\u010danja in verovanja, ki so bila prene\u0161ena na vas preko genetske linije, s strani star\u0161ev, starih star\u0161ev in \u0161tevilnih preteklih generacij.\u201d<\/p>\n<p>Pri svojem terapevtskem delu pa povezujete \u0161amansko tradicijo z drugimi pridobljenimi znanji\u2026<br \/>\n\u201cJa, s pomo\u010djo Integralnega Ekskaliburja, katerega je razvil \u017d. M. Slavinski, predstavljava osnovo vseh modernih Gnosti\u010dnih spiritualnih metod. Priporo\u010dljiv je predvsem za tiste, ki nimajo prakti\u010dnih izku\u0161enj metod samorazvoja in \u017eelijo vzeti \u017eivljenje v &#8216;svoje roke&#8217;.<br \/>\nZanimiva je \u0160amanska terapija v kombinaciji z E &#8211; metrom, kjer gre za popolnoma novo obliko holisti\u010dnega procesa, ki zajame vse komponente \u010dloveka in predstavlja neverjetno u\u010dinkovito sintezo sodobnih psihoterapevtskih metod in prastarega afri\u0161kega, brazilskega in avstralskega \u0161amanizma.<br \/>\nUporabljam specialne tehnike, ki jih je razvil Rowland Barkley iz prastarih skrivnih \u0161amanskih tehnik zdravljenja, za zdravljenje travm sedanjega \u017eivljenja, ki izvirajo iz maternice, prej\u0161njih generacij ali prej\u0161njih \u017eivljenj.\u201d<\/p>\n<p>Pogosto omenjate besedico IFA in \u0161e nekatera imena, ki na\u0161im u\u0161esom zvenijo popolnoma neznano.<br \/>\n\u201cIFA predstavlja ve\u010d tiso\u010d let star religijsko \u2013 \u0161amanski sistem, ki se je neokrnjen ohranil preko ustnega izro\u010dila v Afriki, v plemenu Yoruba. Predstavlja naju\u010dinkovitej\u0161i sistem prepoznavanja \u010dloveka, njegovih energetskih relacij do sebe, drugih in v kon\u010dni fazi celotne eksistence. Po mo\u010di in u\u010dinkovitosti dale\u010d presega vse obstoje\u010de. Najprimernej\u0161i je za tiste, ki dejansko \u017eelijo aktivno sodelovati pri preobrazbi aktualne nasilne dru\u017ebe &#8230;<\/p>\n<\/div>\n","protected":false},"excerpt":{"rendered":"<p>Maribor\u010dan, \u0161tevilka 89, marec 2003 Rubrika: Ezoterika, avtorica: Angela Pajnkiher-Prem Naslov \u010dlanka: Robert Lavtar &#8211; AFRI\u0160KI \u0160AMAN S SLOVENSKO DU\u0160O Robert Lavtar, po rodu iz Retenj pri Tr\u017ei\u010du, je doktor filozofije, \u0161aman in mojster gnosti\u010dne spiritualne tehnologije. \u017divljenjsko kariero je za\u010del kot policist, telesni stra\u017ear najvi\u0161jih predstavnikov tujih dr\u017eav na obisku v RS, med drugim<a href=\"https:\/\/www.altorion.si\/en\/press\/mariborcan-marec-2003\/\">[&#8230;]<\/a><\/p>\n","protected":false},"author":1,"featured_media":0,"parent":4171,"menu_order":0,"comment_status":"closed","ping_status":"closed","template":"","meta":{"footnotes":""},"class_list":["post-4176","page","type-page","status-publish","hentry"],"_links":{"self":[{"href":"https:\/\/www.altorion.si\/en\/wp-json\/wp\/v2\/pages\/4176\/"}],"collection":[{"href":"https:\/\/www.altorion.si\/en\/wp-json\/wp\/v2\/pages\/"}],"about":[{"href":"https:\/\/www.altorion.si\/en\/wp-json\/wp\/v2\/types\/page\/"}],"author":[{"embeddable":true,"href":"https:\/\/www.altorion.si\/en\/wp-json\/wp\/v2\/users\/1\/"}],"replies":[{"embeddable":true,"href":"https:\/\/www.altorion.si\/en\/wp-json\/wp\/v2\/comments\/?post=4176"}],"version-history":[{"count":0,"href":"https:\/\/www.altorion.si\/en\/wp-json\/wp\/v2\/pages\/4176\/revisions\/"}],"up":[{"embeddable":true,"href":"https:\/\/www.altorion.si\/en\/wp-json\/wp\/v2\/pages\/4171\/"}],"wp:attachment":[{"href":"https:\/\/www.altorion.si\/en\/wp-json\/wp\/v2\/media\/?parent=4176"}],"curies":[{"name":"wp","href":"https:\/\/api.w.org\/{rel}","templated":true}]}}